{"id":163,"date":"2024-07-14T16:57:05","date_gmt":"2024-07-14T14:57:05","guid":{"rendered":"http:\/\/localhost\/blog\/?page_id=163"},"modified":"2025-02-23T16:50:29","modified_gmt":"2025-02-23T15:50:29","slug":"formulario-de-contacto","status":"publish","type":"page","link":"https:\/\/carreira.info\/blog\/formulario-de-contacto\/","title":{"rendered":"Formulario de contacto"},"content":{"rendered":"\n<p>Pode po\u00f1erse en contacto con n\u00f3s, cumprimentando os datos solicitados no formulario seguinte. Non o prometemos, pero axi\u00f1a poidamos, trataremos de contestar.<\/p>\n\n\n\n\n\n<p><\/p>\n","protected":false},"excerpt":{"rendered":"<p>Pode po\u00f1erse en contacto con n\u00f3s, cumprimentando os datos solicitados no formulario seguinte. Non o prometemos, pero axi\u00f1a poidamos, trataremos de contestar.<\/p>\n","protected":false},"author":1,"featured_media":1254,"parent":0,"menu_order":0,"comment_status":"closed","ping_status":"closed","template":"","meta":{"footnotes":""},"class_list":["post-163","page","type-page","status-publish","has-post-thumbnail","hentry","clear"],"_links":{"self":[{"href":"https:\/\/carreira.info\/blog\/wp-json\/wp\/v2\/pages\/163","targetHints":{"allow":["GET"]}}],"collection":[{"href":"https:\/\/carreira.info\/blog\/wp-json\/wp\/v2\/pages"}],"about":[{"href":"https:\/\/carreira.info\/blog\/wp-json\/wp\/v2\/types\/page"}],"author":[{"embeddable":true,"href":"https:\/\/carreira.info\/blog\/wp-json\/wp\/v2\/users\/1"}],"replies":[{"embeddable":true,"href":"https:\/\/carreira.info\/blog\/wp-json\/wp\/v2\/comments?post=163"}],"version-history":[{"count":5,"href":"https:\/\/carreira.info\/blog\/wp-json\/wp\/v2\/pages\/163\/revisions"}],"predecessor-version":[{"id":1142,"href":"https:\/\/carreira.info\/blog\/wp-json\/wp\/v2\/pages\/163\/revisions\/1142"}],"wp:featuredmedia":[{"embeddable":true,"href":"https:\/\/carreira.info\/blog\/wp-json\/wp\/v2\/media\/1254"}],"wp:attachment":[{"href":"https:\/\/carreira.info\/blog\/wp-json\/wp\/v2\/media?parent=163"}],"curies":[{"name":"wp","href":"https:\/\/api.w.org\/{rel}","templated":true}]}}