{"id":2,"date":"2024-07-11T18:39:26","date_gmt":"2024-07-11T16:39:26","guid":{"rendered":"http:\/\/localhost\/blog\/?page_id=2"},"modified":"2025-12-26T16:15:46","modified_gmt":"2025-12-26T15:15:46","slug":"pagina-ejemplo","status":"publish","type":"page","link":"https:\/\/carreira.info\/blog\/pagina-ejemplo\/","title":{"rendered":"Sobre este blog"},"content":{"rendered":"\n<p>Este blog nace como unha extensi\u00f3n da p\u00e1xina nai <a title=\"Ir \u00e1 web\" href=\"http:\/\/www.carreira.info\/\" target=\"_blank\">www.carreira.info<\/a>, e a inviabilidade t\u00e9cnica de poder seguir actualiz\u00e1ndoa a un formato m\u00e1is pr\u00e1ctico e moderno, acorde cos novos navegadores e tecnolox\u00edas web.<\/p>\n\n\n\n<p>\u00c9 un sitio web de difusi\u00f3n cultural sen \u00e1nimo de lucro, o cal pretende dar a entender e comprobar de primeira man, a esencia da Internet orixinal, accesible a todo o mundo, gratuito, sen rexistros, sen publicidade, sen vent\u00e1s emerxentes, sen <em>cookies<\/em> de rastrexo, sen <em>plugins<\/em> pesados e in\u00fatiles, sen multinacionais tecnol\u00f3xicas por medio \u00e1s que haxa que someterse aceptando \u00f3s seus criterios, sen censura; un lugar onde poder consultar e compartir informaci\u00f3n, un lugar que aporta \u00f3 usuario informaci\u00f3n seria, contrastada e amena.<\/p>\n\n\n\n<p>A informaci\u00f3n que aparece publicada neste blog est\u00e1 fielmente documentada con datos reais, ben indicando a s\u00faa procedencia e autor, ou a correspondente fonte arquiv\u00edstica e documental, a cal para a maior parte dos artigos mencionados, pode ser consultada en li\u00f1a ou presencialmente onde corresponda.<\/p>\n\n\n\n<p>Os nomes e datos dos persoeiros de car\u00e1cter non p\u00fablico aqu\u00ed mencionados, tr\u00e1tase por t\u00f3dolos medios de ter a autorizaci\u00f3n dos mesmos para que saian publicados e as\u00ed evitar posibles malos entendidos. De t\u00f3dolos xeitos, se algu\u00e9n quer facer alg\u00fan tipo de reclamaci\u00f3n, pode facelo cubrindo o formulario correspondente indicando no mesmo os datos requeridos \u00e1 solicitude, a cal ser\u00e1 atendida \u00f3 m\u00e1is axi\u00f1a posible.<\/p>\n\n\n\n<p>Son os artigos aqui publicados, unha informaci\u00f3n p\u00fablica e co\u00f1ecida, para uso e disfrute do lector, e difundida neste blog para evitar que caia no esquecemento e se perda para sempre.<\/p>\n","protected":false},"excerpt":{"rendered":"<p>Este blog nace como unha extensi\u00f3n da p\u00e1xina nai www.carreira.info, e a inviabilidade t\u00e9cnica de poder seguir actualiz\u00e1ndoa a un formato m\u00e1is pr\u00e1ctico e moderno, acorde cos novos navegadores e tecnolox\u00edas web. \u00c9 un sitio web de difusi\u00f3n cultural sen \u00e1nimo de lucro, o cal pretende dar a entender e comprobar de primeira man, a&#8230; <a class=\"more-link\" href=\"https:\/\/carreira.info\/blog\/pagina-ejemplo\/#more-2\">Seguir lendo &rarr;<\/a><\/p>\n","protected":false},"author":1,"featured_media":1134,"parent":0,"menu_order":0,"comment_status":"closed","ping_status":"open","template":"","meta":{"footnotes":""},"class_list":["post-2","page","type-page","status-publish","has-post-thumbnail","hentry","clear"],"_links":{"self":[{"href":"https:\/\/carreira.info\/blog\/wp-json\/wp\/v2\/pages\/2","targetHints":{"allow":["GET"]}}],"collection":[{"href":"https:\/\/carreira.info\/blog\/wp-json\/wp\/v2\/pages"}],"about":[{"href":"https:\/\/carreira.info\/blog\/wp-json\/wp\/v2\/types\/page"}],"author":[{"embeddable":true,"href":"https:\/\/carreira.info\/blog\/wp-json\/wp\/v2\/users\/1"}],"replies":[{"embeddable":true,"href":"https:\/\/carreira.info\/blog\/wp-json\/wp\/v2\/comments?post=2"}],"version-history":[{"count":10,"href":"https:\/\/carreira.info\/blog\/wp-json\/wp\/v2\/pages\/2\/revisions"}],"predecessor-version":[{"id":1865,"href":"https:\/\/carreira.info\/blog\/wp-json\/wp\/v2\/pages\/2\/revisions\/1865"}],"wp:featuredmedia":[{"embeddable":true,"href":"https:\/\/carreira.info\/blog\/wp-json\/wp\/v2\/media\/1134"}],"wp:attachment":[{"href":"https:\/\/carreira.info\/blog\/wp-json\/wp\/v2\/media?parent=2"}],"curies":[{"name":"wp","href":"https:\/\/api.w.org\/{rel}","templated":true}]}}